{"id":5202,"date":"2021-04-30T18:43:38","date_gmt":"2021-04-30T18:43:38","guid":{"rendered":"http:\/\/comfaputumayo.com\/demo1\/?page_id=5202"},"modified":"2026-02-25T13:25:05","modified_gmt":"2026-02-25T13:25:05","slug":"tr-judiciales","status":"publish","type":"page","link":"https:\/\/comfaputumayo.com\/demo1\/tr-judiciales\/","title":{"rendered":"TR JUDICIALES"},"content":{"rendered":"\t\t<div data-elementor-type=\"wp-page\" data-elementor-id=\"5202\" class=\"elementor elementor-5202\">\n\t\t\t\t\t\t<section class=\"has_eae_slider elementor-section elementor-top-section elementor-element elementor-element-8b59291 elementor-section-height-min-height elementor-section-boxed elementor-section-height-default elementor-section-items-middle wpr-particle-no wpr-jarallax-no wpr-parallax-no wpr-sticky-section-no\" data-id=\"8b59291\" data-element_type=\"section\" data-settings=\"{&quot;background_background&quot;:&quot;classic&quot;,&quot;_ha_eqh_enable&quot;:false}\">\n\t\t\t\t\t\t<div class=\"elementor-container elementor-column-gap-default\">\n\t\t\t\t\t<div class=\"has_eae_slider elementor-column elementor-col-100 elementor-top-column elementor-element elementor-element-93997d4\" data-id=\"93997d4\" data-element_type=\"column\">\n\t\t\t<div class=\"elementor-widget-wrap elementor-element-populated\">\n\t\t\t\t\t\t<div class=\"elementor-element elementor-element-a229c02 elementor-widget elementor-widget-heading\" data-id=\"a229c02\" data-element_type=\"widget\" data-widget_type=\"heading.default\">\n\t\t\t\t<div class=\"elementor-widget-container\">\n\t\t\t<h1 class=\"elementor-heading-title elementor-size-default\">NOTIFICACIONES<br>JUDICIALES<\/h1>\t\t<\/div>\n\t\t\t\t<\/div>\n\t\t\t\t\t<\/div>\n\t\t<\/div>\n\t\t\t\t\t<\/div>\n\t\t<\/section>\n\t\t\t\t<section class=\"has_eae_slider elementor-section elementor-top-section elementor-element elementor-element-889fa48 elementor-section-boxed elementor-section-height-default elementor-section-height-default wpr-particle-no wpr-jarallax-no wpr-parallax-no wpr-sticky-section-no\" data-id=\"889fa48\" data-element_type=\"section\" data-settings=\"{&quot;_ha_eqh_enable&quot;:false}\">\n\t\t\t\t\t\t<div class=\"elementor-container elementor-column-gap-default\">\n\t\t\t\t\t<div class=\"has_eae_slider elementor-column elementor-col-100 elementor-top-column elementor-element elementor-element-794fe16\" data-id=\"794fe16\" data-element_type=\"column\">\n\t\t\t<div class=\"elementor-widget-wrap elementor-element-populated\">\n\t\t\t\t\t\t<div class=\"elementor-element elementor-element-2876295 elementor-widget elementor-widget-spacer\" data-id=\"2876295\" data-element_type=\"widget\" data-widget_type=\"spacer.default\">\n\t\t\t\t<div class=\"elementor-widget-container\">\n\t\t\t\t\t<div class=\"elementor-spacer\">\n\t\t\t<div class=\"elementor-spacer-inner\"><\/div>\n\t\t<\/div>\n\t\t\t\t<\/div>\n\t\t\t\t<\/div>\n\t\t\t\t<div class=\"elementor-element elementor-element-3e2add1 elementor-widget elementor-widget-text-editor\" data-id=\"3e2add1\" data-element_type=\"widget\" data-widget_type=\"text-editor.default\">\n\t\t\t\t<div class=\"elementor-widget-container\">\n\t\t\t\t\t\t\t<h3 style=\"text-align: left;\"><span style=\"color: #a90202;\"><strong><span style=\"font-family: 'Roboto Condensed';\">Buz\u00f3n Judicial<br \/><\/span><\/strong><\/span><\/h3><p style=\"text-align: left;\"><strong>\ud83d\udce9 Recepci\u00f3n de Notificaciones Judiciales<\/strong><\/p><p style=\"text-align: left;\">La <strong>Caja de Compensaci\u00f3n Familiar del Putumayo<\/strong> informa que cuenta con un canal electr\u00f3nico exclusivo para la recepci\u00f3n de <strong>comunicaciones judiciales remitidas por los \u00f3rganos competentes<\/strong>.<\/p><p style=\"text-align: left;\">\ud83d\udc49 Este medio ha sido dispuesto \u00fanicamente para tr\u00e1mites de <strong>naturaleza judicial<\/strong>. Cualquier mensaje que corresponda a otro tipo de asuntos no ser\u00e1 gestionado a trav\u00e9s de este buz\u00f3n.<\/p><p style=\"text-align: left;\"><strong>\ud83d\udce7 Direcci\u00f3n de correo electr\u00f3nico habilitada<\/strong><\/p><p style=\"text-align: left;\">\u2709\ufe0f juridico@comfaputumayo.com<\/p><p style=\"text-align: left;\">Celular: 3204201110<\/p><p style=\"text-align: left;\"><strong>\ud83d\udd52 Disponibilidad y validaci\u00f3n de recepci\u00f3n<\/strong><\/p><ul style=\"text-align: left;\"><li>El horario para el registro de notificaciones es de <strong>lunes a viernes, entre las 8:00 a.m. y las 6:00 p.m.<\/strong><\/li><li>Los correos enviados despu\u00e9s de las 6:00 p.m. o durante d\u00edas no h\u00e1biles se considerar\u00e1n <strong>recibidos el d\u00eda h\u00e1bil inmediatamente siguiente<\/strong>.<\/li><\/ul><p style=\"text-align: left;\"><strong>\ud83d\udccc Atenci\u00f3n a usuarios y ciudadan\u00eda<\/strong><\/p><p style=\"text-align: left;\">Las solicitudes relacionadas con <strong>informaci\u00f3n general, quejas, reclamos, felicitaciones, sugerencias o peticiones<\/strong> deben ser radicadas a trav\u00e9s de los canales de atenci\u00f3n al ciudadano dispuestos por la entidad, en el portal institucional:<\/p><p style=\"text-align: left;\">\ud83d\udc49 Atenci\u00f3n al Ciudadano (<a href=\"mailto:pqr@comfaputumayo.com\">pqr@comfaputumayo.com<\/a>)<\/p>\t\t\t\t\t\t<\/div>\n\t\t\t\t<\/div>\n\t\t\t\t\t<\/div>\n\t\t<\/div>\n\t\t\t\t\t<\/div>\n\t\t<\/section>\n\t\t\t\t<section class=\"has_eae_slider elementor-section elementor-top-section elementor-element elementor-element-d45aab1 elementor-section-boxed elementor-section-height-default elementor-section-height-default wpr-particle-no wpr-jarallax-no wpr-parallax-no wpr-sticky-section-no\" data-id=\"d45aab1\" data-element_type=\"section\" data-settings=\"{&quot;_ha_eqh_enable&quot;:false}\">\n\t\t\t\t\t\t<div class=\"elementor-container elementor-column-gap-default\">\n\t\t\t\t\t<div class=\"has_eae_slider elementor-column elementor-col-100 elementor-top-column elementor-element elementor-element-284c48a\" data-id=\"284c48a\" data-element_type=\"column\">\n\t\t\t<div class=\"elementor-widget-wrap\">\n\t\t\t\t\t\t\t<\/div>\n\t\t<\/div>\n\t\t\t\t\t<\/div>\n\t\t<\/section>\n\t\t\t\t<\/div>\n\t\t","protected":false},"excerpt":{"rendered":"<p>NOTIFICACIONESJUDICIALES Buz\u00f3n Judicial \ud83d\udce9 Recepci\u00f3n de Notificaciones Judiciales La Caja de Compensaci\u00f3n Familiar del Putumayo informa que cuenta con un canal electr\u00f3nico exclusivo para la recepci\u00f3n de comunicaciones judiciales remitidas por los \u00f3rganos competentes. \ud83d\udc49 Este medio ha sido dispuesto \u00fanicamente para tr\u00e1mites de naturaleza judicial. Cualquier mensaje que corresponda a otro tipo de asuntos no ser\u00e1 gestionado a trav\u00e9s de este buz\u00f3n. \ud83d\udce7 Direcci\u00f3n de correo electr\u00f3nico habilitada \u2709\ufe0f juridico@comfaputumayo.com Celular: 3204201110 \ud83d\udd52 Disponibilidad y validaci\u00f3n de recepci\u00f3n El horario para el registro de notificaciones es de lunes a viernes, entre las 8:00 a.m. y las 6:00 p.m. Los correos enviados despu\u00e9s de las 6:00 p.m. o durante d\u00edas no h\u00e1biles se considerar\u00e1n recibidos el d\u00eda h\u00e1bil inmediatamente siguiente. \ud83d\udccc Atenci\u00f3n a usuarios y ciudadan\u00eda Las solicitudes relacionadas con informaci\u00f3n general, quejas, reclamos, felicitaciones, sugerencias o peticiones deben ser radicadas a trav\u00e9s de los canales de atenci\u00f3n al ciudadano dispuestos por la entidad, en el portal institucional: \ud83d\udc49 Atenci\u00f3n al Ciudadano (pqr@comfaputumayo.com)<\/p>\n","protected":false},"author":1,"featured_media":0,"parent":0,"menu_order":0,"comment_status":"closed","ping_status":"closed","template":"elementor_header_footer","meta":{"_coblocks_attr":"","_coblocks_dimensions":"","_coblocks_responsive_height":"","_coblocks_accordion_ie_support":"","inline_featured_image":false,"pgc_sgb_lightbox_settings":"","footnotes":""},"class_list":["post-5202","page","type-page","status-publish","hentry"],"yoast_head":"<!-- This site is optimized with the Yoast SEO plugin v25.1 - https:\/\/yoast.com\/wordpress\/plugins\/seo\/ -->\n<title>TR JUDICIALES - COMFAMILIAR PUTUMAYO<\/title>\n<meta name=\"robots\" content=\"index, follow, max-snippet:-1, max-image-preview:large, max-video-preview:-1\" \/>\n<link rel=\"canonical\" href=\"https:\/\/comfaputumayo.com\/demo1\/tr-judiciales\/\" \/>\n<meta property=\"og:locale\" content=\"es_ES\" \/>\n<meta property=\"og:type\" content=\"article\" \/>\n<meta property=\"og:title\" content=\"TR JUDICIALES - COMFAMILIAR PUTUMAYO\" \/>\n<meta property=\"og:description\" content=\"NOTIFICACIONESJUDICIALES Buz\u00f3n Judicial \ud83d\udce9 Recepci\u00f3n de Notificaciones Judiciales La Caja de Compensaci\u00f3n Familiar del Putumayo informa que cuenta con un canal electr\u00f3nico exclusivo para la recepci\u00f3n de comunicaciones judiciales remitidas por los \u00f3rganos competentes. \ud83d\udc49 Este medio ha sido dispuesto \u00fanicamente para tr\u00e1mites de naturaleza judicial. Cualquier mensaje que corresponda a otro tipo de asuntos no ser\u00e1 gestionado a trav\u00e9s de este buz\u00f3n. \ud83d\udce7 Direcci\u00f3n de correo electr\u00f3nico habilitada \u2709\ufe0f juridico@comfaputumayo.com Celular: 3204201110 \ud83d\udd52 Disponibilidad y validaci\u00f3n de recepci\u00f3n El horario para el registro de notificaciones es de lunes a viernes, entre las 8:00 a.m. y las 6:00 p.m. Los correos enviados despu\u00e9s de las 6:00 p.m. o durante d\u00edas no h\u00e1biles se considerar\u00e1n recibidos el d\u00eda h\u00e1bil inmediatamente siguiente. \ud83d\udccc Atenci\u00f3n a usuarios y ciudadan\u00eda Las solicitudes relacionadas con informaci\u00f3n general, quejas, reclamos, felicitaciones, sugerencias o peticiones deben ser radicadas a trav\u00e9s de los canales de atenci\u00f3n al ciudadano dispuestos por la entidad, en el portal institucional: \ud83d\udc49 Atenci\u00f3n al Ciudadano (pqr@comfaputumayo.com)\" \/>\n<meta property=\"og:url\" content=\"https:\/\/comfaputumayo.com\/demo1\/tr-judiciales\/\" \/>\n<meta property=\"og:site_name\" content=\"COMFAMILIAR PUTUMAYO\" \/>\n<meta property=\"article:publisher\" content=\"https:\/\/www.facebook.com\/Comfaputumayo\/\" \/>\n<meta property=\"article:modified_time\" content=\"2026-02-25T13:25:05+00:00\" \/>\n<meta name=\"twitter:card\" content=\"summary_large_image\" \/>\n<meta name=\"twitter:label1\" content=\"Tiempo de lectura\" \/>\n\t<meta name=\"twitter:data1\" content=\"1 minuto\" \/>\n<script type=\"application\/ld+json\" class=\"yoast-schema-graph\">{\"@context\":\"https:\/\/schema.org\",\"@graph\":[{\"@type\":\"WebPage\",\"@id\":\"https:\/\/comfaputumayo.com\/demo1\/tr-judiciales\/\",\"url\":\"https:\/\/comfaputumayo.com\/demo1\/tr-judiciales\/\",\"name\":\"TR JUDICIALES - COMFAMILIAR PUTUMAYO\",\"isPartOf\":{\"@id\":\"https:\/\/comfaputumayo.com\/demo1\/#website\"},\"datePublished\":\"2021-04-30T18:43:38+00:00\",\"dateModified\":\"2026-02-25T13:25:05+00:00\",\"breadcrumb\":{\"@id\":\"https:\/\/comfaputumayo.com\/demo1\/tr-judiciales\/#breadcrumb\"},\"inLanguage\":\"es\",\"potentialAction\":[{\"@type\":\"ReadAction\",\"target\":[\"https:\/\/comfaputumayo.com\/demo1\/tr-judiciales\/\"]}]},{\"@type\":\"BreadcrumbList\",\"@id\":\"https:\/\/comfaputumayo.com\/demo1\/tr-judiciales\/#breadcrumb\",\"itemListElement\":[{\"@type\":\"ListItem\",\"position\":1,\"name\":\"Portada\",\"item\":\"https:\/\/comfaputumayo.com\/demo1\/\"},{\"@type\":\"ListItem\",\"position\":2,\"name\":\"TR JUDICIALES\"}]},{\"@type\":\"WebSite\",\"@id\":\"https:\/\/comfaputumayo.com\/demo1\/#website\",\"url\":\"https:\/\/comfaputumayo.com\/demo1\/\",\"name\":\"COMFAMILIAR PUTUMAYO\",\"description\":\"Tu Bienestar es Nuestra Prioridad.\",\"publisher\":{\"@id\":\"https:\/\/comfaputumayo.com\/demo1\/#organization\"},\"potentialAction\":[{\"@type\":\"SearchAction\",\"target\":{\"@type\":\"EntryPoint\",\"urlTemplate\":\"https:\/\/comfaputumayo.com\/demo1\/?s={search_term_string}\"},\"query-input\":{\"@type\":\"PropertyValueSpecification\",\"valueRequired\":true,\"valueName\":\"search_term_string\"}}],\"inLanguage\":\"es\"},{\"@type\":\"Organization\",\"@id\":\"https:\/\/comfaputumayo.com\/demo1\/#organization\",\"name\":\"COMFAMILIAR PUTUMAYO\",\"url\":\"https:\/\/comfaputumayo.com\/demo1\/\",\"logo\":{\"@type\":\"ImageObject\",\"inLanguage\":\"es\",\"@id\":\"https:\/\/comfaputumayo.com\/demo1\/#\/schema\/logo\/image\/\",\"url\":\"https:\/\/comfaputumayo.com\/demo1\/wp-content\/uploads\/2021\/01\/LogoComfaputumayoPNG.png\",\"contentUrl\":\"https:\/\/comfaputumayo.com\/demo1\/wp-content\/uploads\/2021\/01\/LogoComfaputumayoPNG.png\",\"width\":2771,\"height\":877,\"caption\":\"COMFAMILIAR PUTUMAYO\"},\"image\":{\"@id\":\"https:\/\/comfaputumayo.com\/demo1\/#\/schema\/logo\/image\/\"},\"sameAs\":[\"https:\/\/www.facebook.com\/Comfaputumayo\/\",\"https:\/\/www.instagram.com\/comfaputumayo\/\"]}]}<\/script>\n<!-- \/ Yoast SEO plugin. -->","yoast_head_json":{"title":"TR JUDICIALES - COMFAMILIAR PUTUMAYO","robots":{"index":"index","follow":"follow","max-snippet":"max-snippet:-1","max-image-preview":"max-image-preview:large","max-video-preview":"max-video-preview:-1"},"canonical":"https:\/\/comfaputumayo.com\/demo1\/tr-judiciales\/","og_locale":"es_ES","og_type":"article","og_title":"TR JUDICIALES - COMFAMILIAR PUTUMAYO","og_description":"NOTIFICACIONESJUDICIALES Buz\u00f3n Judicial \ud83d\udce9 Recepci\u00f3n de Notificaciones Judiciales La Caja de Compensaci\u00f3n Familiar del Putumayo informa que cuenta con un canal electr\u00f3nico exclusivo para la recepci\u00f3n de comunicaciones judiciales remitidas por los \u00f3rganos competentes. \ud83d\udc49 Este medio ha sido dispuesto \u00fanicamente para tr\u00e1mites de naturaleza judicial. Cualquier mensaje que corresponda a otro tipo de asuntos no ser\u00e1 gestionado a trav\u00e9s de este buz\u00f3n. \ud83d\udce7 Direcci\u00f3n de correo electr\u00f3nico habilitada \u2709\ufe0f juridico@comfaputumayo.com Celular: 3204201110 \ud83d\udd52 Disponibilidad y validaci\u00f3n de recepci\u00f3n El horario para el registro de notificaciones es de lunes a viernes, entre las 8:00 a.m. y las 6:00 p.m. Los correos enviados despu\u00e9s de las 6:00 p.m. o durante d\u00edas no h\u00e1biles se considerar\u00e1n recibidos el d\u00eda h\u00e1bil inmediatamente siguiente. \ud83d\udccc Atenci\u00f3n a usuarios y ciudadan\u00eda Las solicitudes relacionadas con informaci\u00f3n general, quejas, reclamos, felicitaciones, sugerencias o peticiones deben ser radicadas a trav\u00e9s de los canales de atenci\u00f3n al ciudadano dispuestos por la entidad, en el portal institucional: \ud83d\udc49 Atenci\u00f3n al Ciudadano (pqr@comfaputumayo.com)","og_url":"https:\/\/comfaputumayo.com\/demo1\/tr-judiciales\/","og_site_name":"COMFAMILIAR PUTUMAYO","article_publisher":"https:\/\/www.facebook.com\/Comfaputumayo\/","article_modified_time":"2026-02-25T13:25:05+00:00","twitter_card":"summary_large_image","twitter_misc":{"Tiempo de lectura":"1 minuto"},"schema":{"@context":"https:\/\/schema.org","@graph":[{"@type":"WebPage","@id":"https:\/\/comfaputumayo.com\/demo1\/tr-judiciales\/","url":"https:\/\/comfaputumayo.com\/demo1\/tr-judiciales\/","name":"TR JUDICIALES - COMFAMILIAR PUTUMAYO","isPartOf":{"@id":"https:\/\/comfaputumayo.com\/demo1\/#website"},"datePublished":"2021-04-30T18:43:38+00:00","dateModified":"2026-02-25T13:25:05+00:00","breadcrumb":{"@id":"https:\/\/comfaputumayo.com\/demo1\/tr-judiciales\/#breadcrumb"},"inLanguage":"es","potentialAction":[{"@type":"ReadAction","target":["https:\/\/comfaputumayo.com\/demo1\/tr-judiciales\/"]}]},{"@type":"BreadcrumbList","@id":"https:\/\/comfaputumayo.com\/demo1\/tr-judiciales\/#breadcrumb","itemListElement":[{"@type":"ListItem","position":1,"name":"Portada","item":"https:\/\/comfaputumayo.com\/demo1\/"},{"@type":"ListItem","position":2,"name":"TR JUDICIALES"}]},{"@type":"WebSite","@id":"https:\/\/comfaputumayo.com\/demo1\/#website","url":"https:\/\/comfaputumayo.com\/demo1\/","name":"COMFAMILIAR PUTUMAYO","description":"Tu Bienestar es Nuestra Prioridad.","publisher":{"@id":"https:\/\/comfaputumayo.com\/demo1\/#organization"},"potentialAction":[{"@type":"SearchAction","target":{"@type":"EntryPoint","urlTemplate":"https:\/\/comfaputumayo.com\/demo1\/?s={search_term_string}"},"query-input":{"@type":"PropertyValueSpecification","valueRequired":true,"valueName":"search_term_string"}}],"inLanguage":"es"},{"@type":"Organization","@id":"https:\/\/comfaputumayo.com\/demo1\/#organization","name":"COMFAMILIAR PUTUMAYO","url":"https:\/\/comfaputumayo.com\/demo1\/","logo":{"@type":"ImageObject","inLanguage":"es","@id":"https:\/\/comfaputumayo.com\/demo1\/#\/schema\/logo\/image\/","url":"https:\/\/comfaputumayo.com\/demo1\/wp-content\/uploads\/2021\/01\/LogoComfaputumayoPNG.png","contentUrl":"https:\/\/comfaputumayo.com\/demo1\/wp-content\/uploads\/2021\/01\/LogoComfaputumayoPNG.png","width":2771,"height":877,"caption":"COMFAMILIAR PUTUMAYO"},"image":{"@id":"https:\/\/comfaputumayo.com\/demo1\/#\/schema\/logo\/image\/"},"sameAs":["https:\/\/www.facebook.com\/Comfaputumayo\/","https:\/\/www.instagram.com\/comfaputumayo\/"]}]}},"_links":{"self":[{"href":"https:\/\/comfaputumayo.com\/demo1\/wp-json\/wp\/v2\/pages\/5202"}],"collection":[{"href":"https:\/\/comfaputumayo.com\/demo1\/wp-json\/wp\/v2\/pages"}],"about":[{"href":"https:\/\/comfaputumayo.com\/demo1\/wp-json\/wp\/v2\/types\/page"}],"author":[{"embeddable":true,"href":"https:\/\/comfaputumayo.com\/demo1\/wp-json\/wp\/v2\/users\/1"}],"replies":[{"embeddable":true,"href":"https:\/\/comfaputumayo.com\/demo1\/wp-json\/wp\/v2\/comments?post=5202"}],"version-history":[{"count":43,"href":"https:\/\/comfaputumayo.com\/demo1\/wp-json\/wp\/v2\/pages\/5202\/revisions"}],"predecessor-version":[{"id":15132,"href":"https:\/\/comfaputumayo.com\/demo1\/wp-json\/wp\/v2\/pages\/5202\/revisions\/15132"}],"wp:attachment":[{"href":"https:\/\/comfaputumayo.com\/demo1\/wp-json\/wp\/v2\/media?parent=5202"}],"curies":[{"name":"wp","href":"https:\/\/api.w.org\/{rel}","templated":true}]}}